{"id":607,"date":"2020-06-16T13:58:11","date_gmt":"2020-06-16T13:58:11","guid":{"rendered":"https:\/\/larskaeker.de\/?page_id=607"},"modified":"2020-06-16T13:59:26","modified_gmt":"2020-06-16T13:59:26","slug":"vita","status":"publish","type":"page","link":"https:\/\/larskaeker.de\/?page_id=607","title":{"rendered":"Vita"},"content":{"rendered":"\n<p>Vita<br><br>Lars K\u00e4ker wurde 1971 in Burg auf Fehmarn geboren. Seit Anfang 1990er Jahre widmet er<br>sich als freischaffender Ku\u0308nstler der Portr\u00e4tmalerei. Seine Werke werden in privaten und<br>\u00f6ffentlichen Ausstellungen gezeigt. Lars K\u00e4ker lebt und arbeitet in K\u00f6ln. Er ist Autodidakt.<\/p>\n\n\n\n<p><br>Ausstellungen und Ausstellungsbeteiligungen<br><br>Einzelausstellungen (Auswahl):<br>2019 \u201eDrau\u00dfen &#8211; Randbezirke des Portr\u00e4ts\u201c, Ku\u0308nstler-Union-K\u00f6ln im Maternushaus<br>K\u00f6ln, mit Katalog.<br>\u201eLive Painting Drover\u201c, Ausstellung und Performance in der 68elf Artbox,<br>Kunstverein 68elf e.V., K\u00f6ln.<br>2018 \u201eLars K\u00e4ker &#8211; Ein Grenzg\u00e4nger des Portr\u00e4ts\u201c, Ernst Ludwig Kirchner Verein<br>Fehmarn e. V., mit Katalog.<br>\u201eCommunity\u201c, Kirche St. Heribert K\u00f6ln-Deutz, Deutzkultur e.V., K\u00f6ln.<br>2017 \u201eportraits_2null\u201c, Korbmacher-Museum Dalhausen, Dalhausen-Beverungen.<br>2014 \u201eSpektrum Mensch\u201c, Kulturkirche-Ost, K\u00f6ln.<br>\u201eHeimspiel\u201c, Insel-Galerie Burg, Burg-Fehmarn.<br>2006 \u201eBoxer XXL\u201c, Deutsches Sport &amp; Olympia Museum, K\u00f6ln.<br>2005 \u201eEnde der Schonzeit\u201c, Galeria Mu\u0308hlfeld &amp; Stohrer, Frankfurt.<br>2004 \u201eMu\u0308llwerk\u201c, Kunstverein Exit Art, K\u00f6ln.<br>2001 \u201ePorntraits\u201c, Alexa.Jansen.Galerie, K\u00f6ln.<br>2000 \u201eLebenszeichen\u201c, Doppelausstellung mit Frank Bauer, Kunstverein Leimen.<br>\u201eganzKOPF\u201c, Korbmacher-Museum Dalhausen, Dalhausen-Beverungen,<br>mit Katalog.<br>1999 \u201edrau\u00dfen\u201c, Kunstnacht Zeche Zollverein, Essen.<br>1998 \u201eDie Doktrin des ewigen Eises\u201c, Doppelausstellung mit Martin Becker,<br>Galerie Klose, Essen.<br>1995 \u201eGipfeltreffen\u201c, Galerie Seywald, Salzburg.<br>1992 \u201eLars K\u00e4ker \u2013 Zeichnungen\u201c, Galerie Eikelmann, Essen.<br><\/p>\n\n\n\n<p>Ausstellungsbeteiligungen (Auswahl):<br>2016 \u201eAngesichts \u2013 Bilder von Menschen\u201c, Museum am Dom, Wu\u0308rzburg, mit Katalog.<br>2012 \u201eMiteinander \u2013 Moderne Kunst zu Gast\u201c, Museum Kartause Astheim, Volkach-Astheim.<br>2010 \u201eHausbesuche \u2013 175 Jahre Kasseler Kunstverein\u201c, Kasseler Kunstverein, Museum<br>Fridericianum, Kassel.<br>2007 \u201eBilderwechsel\u201c, neu konzipierte Dauerausstellung u.a. mit Arbeiten von Lars K\u00e4ker,<br>Museum am Dom, Wu\u0308rzburg.<br>2005 \u201eK\u00f6lnKunst 7 \u2013 Junge Kunst\u201c, Colonius Carr\u00e9, K\u00f6ln, mit Katalog.<br>2004 \u201eMenschen-Ansichten\u201c, Gruppenausstellung mit Bernhard &amp; Johannes Heisig, Johannes<br>Gru\u0308tzke, Gudrun Bru\u0308ne u.a., Kulturzentrum Englische Kirche, Bad Homburg.<br>2001 \u201e20 Jahre Kunstverein Leimen\u201c, Kunstverein Leimen, mit Katalog.<br>1995 \u201eMiniaturen\u201c, Galerie Bennetter, Stockholm.<br><br>Daru\u0308ber hinaus beteiligt sich Lars K\u00e4ker seit 2011 an den Ausstellungen des Kunstvereins und<br>der dazugeh\u00f6rigen Ku\u0308nstlergruppe 68elf e.V. in K\u00f6ln.<br><br>Mehrfache Messebeteiligungen:<br>Art Multiple Du\u0308sseldorf, Art Innsbruck, Art Vienna, KunstK\u00f6ln, Kunstmarkt Du\u0308sseldorf,<br>Grafikmesse Dresden, C.A.R. \u2013 Contemporary Art Ruhr u.a.<br><br>Werke in \u00f6ffentlichen Kunstsammlungen:<br>Portr\u00e4tserien \u201eDas Dorf\u201d und \u201edrau\u00dfen\u201c, Museum am Dom, Wu\u0308rzburg.<br><br>Erw\u00e4hnungen in der Fachpresse:<br>Kunstforum International, Band 192, 195 und 221.<\/p>\n\n\n\n<p><\/p>\n","protected":false},"excerpt":{"rendered":"<p>Vita Lars K\u00e4ker wurde 1971 in Burg auf Fehmarn geboren. Seit Anfang 1990er Jahre widmet ersich als freischaffender Ku\u0308nstler der Portr\u00e4tmalerei. Seine Werke werden in privaten und\u00f6ffentlichen Ausstellungen gezeigt. Lars K\u00e4ker lebt und arbeitet in K\u00f6ln. Er ist Autodidakt. Ausstellungen und Ausstellungsbeteiligungen Einzelausstellungen (Auswahl):2019 \u201eDrau\u00dfen &#8211; Randbezirke des Portr\u00e4ts\u201c, Ku\u0308nstler-Union-K\u00f6ln im MaternushausK\u00f6ln, mit Katalog.\u201eLive Painting [&hellip;]<\/p>\n","protected":false},"author":1,"featured_media":0,"parent":0,"menu_order":0,"comment_status":"closed","ping_status":"closed","template":"","meta":{"zakra_page_container_layout":"centered","zakra_page_sidebar_layout":"no_sidebar","zakra_remove_content_margin":false,"zakra_sidebar":"customizer","zakra_transparent_header":"customizer","zakra_logo":0,"zakra_main_header_style":"default","zakra_menu_item_color":"","zakra_menu_item_hover_color":"","zakra_menu_item_active_color":"","zakra_menu_active_style":"","zakra_page_header":true,"footnotes":""},"class_list":["post-607","page","type-page","status-publish","hentry"],"_links":{"self":[{"href":"https:\/\/larskaeker.de\/index.php?rest_route=\/wp\/v2\/pages\/607","targetHints":{"allow":["GET"]}}],"collection":[{"href":"https:\/\/larskaeker.de\/index.php?rest_route=\/wp\/v2\/pages"}],"about":[{"href":"https:\/\/larskaeker.de\/index.php?rest_route=\/wp\/v2\/types\/page"}],"author":[{"embeddable":true,"href":"https:\/\/larskaeker.de\/index.php?rest_route=\/wp\/v2\/users\/1"}],"replies":[{"embeddable":true,"href":"https:\/\/larskaeker.de\/index.php?rest_route=%2Fwp%2Fv2%2Fcomments&post=607"}],"version-history":[{"count":2,"href":"https:\/\/larskaeker.de\/index.php?rest_route=\/wp\/v2\/pages\/607\/revisions"}],"predecessor-version":[{"id":609,"href":"https:\/\/larskaeker.de\/index.php?rest_route=\/wp\/v2\/pages\/607\/revisions\/609"}],"wp:attachment":[{"href":"https:\/\/larskaeker.de\/index.php?rest_route=%2Fwp%2Fv2%2Fmedia&parent=607"}],"curies":[{"name":"wp","href":"https:\/\/api.w.org\/{rel}","templated":true}]}}