{"id":638,"date":"2020-06-16T14:38:28","date_gmt":"2020-06-16T14:38:28","guid":{"rendered":"https:\/\/larskaeker.de\/?page_id=638"},"modified":"2024-07-04T18:33:44","modified_gmt":"2024-07-04T18:33:44","slug":"das-graue-quadrat","status":"publish","type":"page","link":"https:\/\/larskaeker.de\/?page_id=638","title":{"rendered":"Das Graue Quadrat"},"content":{"rendered":"\t\t<div data-elementor-type=\"wp-post\" data-elementor-id=\"638\" class=\"elementor elementor-638\">\n\t\t\t\t\t\t<section class=\"elementor-section elementor-top-section elementor-element elementor-element-60a1226 elementor-section-boxed elementor-section-height-default elementor-section-height-default\" data-id=\"60a1226\" data-element_type=\"section\" data-e-type=\"section\">\n\t\t\t\t\t\t<div class=\"elementor-container elementor-column-gap-default\">\n\t\t\t\t\t<div class=\"elementor-column elementor-col-100 elementor-top-column elementor-element elementor-element-53cc56f\" data-id=\"53cc56f\" data-element_type=\"column\" data-e-type=\"column\">\n\t\t\t<div class=\"elementor-widget-wrap elementor-element-populated\">\n\t\t\t\t\t\t<div class=\"elementor-element elementor-element-821fdb6 elementor-widget elementor-widget-heading\" data-id=\"821fdb6\" data-element_type=\"widget\" data-e-type=\"widget\" data-widget_type=\"heading.default\">\n\t\t\t\t<div class=\"elementor-widget-container\">\n\t\t\t\t\t<h2 class=\"elementor-heading-title elementor-size-default\">Das Graue Quadrat<\/h2>\t\t\t\t<\/div>\n\t\t\t\t<\/div>\n\t\t\t\t<div class=\"elementor-element elementor-element-273823e elementor-widget-divider--view-line elementor-widget elementor-widget-divider\" data-id=\"273823e\" data-element_type=\"widget\" data-e-type=\"widget\" data-widget_type=\"divider.default\">\n\t\t\t\t<div class=\"elementor-widget-container\">\n\t\t\t\t\t\t\t<div class=\"elementor-divider\">\n\t\t\t<span class=\"elementor-divider-separator\">\n\t\t\t\t\t\t<\/span>\n\t\t<\/div>\n\t\t\t\t\t\t<\/div>\n\t\t\t\t<\/div>\n\t\t\t\t<div class=\"elementor-element elementor-element-46bd5bc elementor-pagination-position-outside elementor-widget elementor-widget-image-carousel\" data-id=\"46bd5bc\" data-element_type=\"widget\" data-e-type=\"widget\" data-settings=\"{&quot;slides_to_show&quot;:&quot;1&quot;,&quot;navigation&quot;:&quot;dots&quot;,&quot;autoplay&quot;:&quot;yes&quot;,&quot;pause_on_hover&quot;:&quot;yes&quot;,&quot;pause_on_interaction&quot;:&quot;yes&quot;,&quot;autoplay_speed&quot;:5000,&quot;infinite&quot;:&quot;yes&quot;,&quot;effect&quot;:&quot;slide&quot;,&quot;speed&quot;:500}\" data-widget_type=\"image-carousel.default\">\n\t\t\t\t<div class=\"elementor-widget-container\">\n\t\t\t\t\t\t\t<div class=\"elementor-image-carousel-wrapper swiper\" role=\"region\" aria-roledescription=\"carousel\" aria-label=\"Bild Karussell\" dir=\"ltr\">\n\t\t\t<div class=\"elementor-image-carousel swiper-wrapper\" aria-live=\"off\">\n\t\t\t\t\t\t\t\t<div class=\"swiper-slide\" role=\"group\" aria-roledescription=\"slide\" aria-label=\"1 von 1\"><a data-elementor-open-lightbox=\"yes\" data-elementor-lightbox-slideshow=\"46bd5bc\" data-elementor-lightbox-title=\"das_graue_quadrat_by_lars_kaeker\" data-e-action-hash=\"#elementor-action%3Aaction%3Dlightbox%26settings%3DeyJpZCI6NjQxLCJ1cmwiOiJodHRwczpcL1wvbGFyc2thZWtlci5kZVwvd3AtY29udGVudFwvdXBsb2Fkc1wvMjAyMFwvMDZcL2Rhc19ncmF1ZV9xdWFkcmF0X2J5X2xhcnNfa2Fla2VyLTEuanBnIiwic2xpZGVzaG93IjoiNDZiZDViYyJ9\" href=\"https:\/\/larskaeker.de\/wp-content\/uploads\/2020\/06\/das_graue_quadrat_by_lars_kaeker-1.jpg\"><figure class=\"swiper-slide-inner\"><img decoding=\"async\" class=\"swiper-slide-image\" src=\"https:\/\/larskaeker.de\/wp-content\/uploads\/2020\/06\/das_graue_quadrat_by_lars_kaeker-1.jpg\" alt=\"Gesamtwerk &quot;Das Graue Quadrat&quot;\" \/><\/figure><\/a><\/div>\t\t\t<\/div>\n\t\t\t\t\t<\/div>\n\t\t\t\t\t\t<\/div>\n\t\t\t\t<\/div>\n\t\t\t\t\t<\/div>\n\t\t<\/div>\n\t\t\t\t\t<\/div>\n\t\t<\/section>\n\t\t\t\t<section class=\"elementor-section elementor-top-section elementor-element elementor-element-967dfb4 elementor-section-boxed elementor-section-height-default elementor-section-height-default\" data-id=\"967dfb4\" data-element_type=\"section\" data-e-type=\"section\">\n\t\t\t\t\t\t<div class=\"elementor-container elementor-column-gap-default\">\n\t\t\t\t\t<div class=\"elementor-column elementor-col-100 elementor-top-column elementor-element elementor-element-7ca53bc\" data-id=\"7ca53bc\" data-element_type=\"column\" data-e-type=\"column\">\n\t\t\t<div class=\"elementor-widget-wrap elementor-element-populated\">\n\t\t\t\t\t\t<div class=\"elementor-element elementor-element-11e15fe elementor-widget elementor-widget-text-editor\" data-id=\"11e15fe\" data-element_type=\"widget\" data-e-type=\"widget\" data-widget_type=\"text-editor.default\">\n\t\t\t\t<div class=\"elementor-widget-container\">\n\t\t\t\t\t\t\t\t\t<p>\u201eDas Graue Quadrat\u201c<br \/>Gesamtwerk<br \/>400 cm \u00d7 400 cm Gesamtgr\u00f6\u00dfe | \u00d6l auf Leinwand | 2007 bis 2011<\/p><p>Die Werkreihe \u201eDas Graue Quadrat\u201c ist den jugendlichen Besuchern zweier offener Tageseinrichtungen in K\u00f6ln-Mu\u0308lheim gewidmet: dem Don Bosco Club und der K\u00f6lner Selbsthilfe e.V. Einige der Dargestellten kommen aus\u00a0 sozial benachteiligten Familien. Gemeinsam mit dem Don Bosco Club startete Lars K\u00e4ker 2007 die Plakatkampagne \u201eLichtjetzt\u201c im gesamten Stadtgebiet, um das Thema Jugendarmut im allgemeinen Bewusstsein zu etablieren und gleichzeitig um Unterstu\u0308tzung fu\u0308r die Tageseinrichtungen zu werben. Der Titel der Bilderserie l\u00e4sst dabei nicht auf die sozialen Verh\u00e4ltnisse der Dargestellten schlie\u00dfen, vielmehr ist er eine Anspielung auf das Schwarze Quadrat von Kasimir Malewitsch, einer Ikone der Abstrakten Kunst. Gleichzeitig ergibt die Pr\u00e4sentation der Bilder im Block ein riesiges Quadrat, in welchem Graut\u00f6ne den Farbklang charakterisieren.<\/p>\t\t\t\t\t\t\t\t<\/div>\n\t\t\t\t<\/div>\n\t\t\t\t\t<\/div>\n\t\t<\/div>\n\t\t\t\t\t<\/div>\n\t\t<\/section>\n\t\t\t\t<\/div>\n\t\t","protected":false},"excerpt":{"rendered":"<p>Das Graue Quadrat \u201eDas Graue Quadrat\u201cGesamtwerk400 cm \u00d7 400 cm Gesamtgr\u00f6\u00dfe | \u00d6l auf Leinwand | 2007 bis 2011 Die Werkreihe \u201eDas Graue Quadrat\u201c ist den jugendlichen Besuchern zweier offener Tageseinrichtungen in K\u00f6ln-Mu\u0308lheim gewidmet: dem Don Bosco Club und der K\u00f6lner Selbsthilfe e.V. Einige der Dargestellten kommen aus\u00a0 sozial benachteiligten Familien. Gemeinsam mit dem Don [&hellip;]<\/p>\n","protected":false},"author":1,"featured_media":0,"parent":0,"menu_order":0,"comment_status":"closed","ping_status":"closed","template":"page-templates\/pagebuilder.php","meta":{"zakra_page_container_layout":"stretched","zakra_page_sidebar_layout":"no_sidebar","zakra_remove_content_margin":false,"zakra_sidebar":"customizer","zakra_transparent_header":"0","zakra_logo":0,"zakra_main_header_style":"default","zakra_menu_item_color":"","zakra_menu_item_hover_color":"","zakra_menu_item_active_color":"","zakra_menu_active_style":"","zakra_page_header":true,"footnotes":""},"class_list":["post-638","page","type-page","status-publish","hentry"],"_links":{"self":[{"href":"https:\/\/larskaeker.de\/index.php?rest_route=\/wp\/v2\/pages\/638","targetHints":{"allow":["GET"]}}],"collection":[{"href":"https:\/\/larskaeker.de\/index.php?rest_route=\/wp\/v2\/pages"}],"about":[{"href":"https:\/\/larskaeker.de\/index.php?rest_route=\/wp\/v2\/types\/page"}],"author":[{"embeddable":true,"href":"https:\/\/larskaeker.de\/index.php?rest_route=\/wp\/v2\/users\/1"}],"replies":[{"embeddable":true,"href":"https:\/\/larskaeker.de\/index.php?rest_route=%2Fwp%2Fv2%2Fcomments&post=638"}],"version-history":[{"count":7,"href":"https:\/\/larskaeker.de\/index.php?rest_route=\/wp\/v2\/pages\/638\/revisions"}],"predecessor-version":[{"id":735,"href":"https:\/\/larskaeker.de\/index.php?rest_route=\/wp\/v2\/pages\/638\/revisions\/735"}],"wp:attachment":[{"href":"https:\/\/larskaeker.de\/index.php?rest_route=%2Fwp%2Fv2%2Fmedia&parent=638"}],"curies":[{"name":"wp","href":"https:\/\/api.w.org\/{rel}","templated":true}]}}