{"id":666,"date":"2020-06-16T15:16:18","date_gmt":"2020-06-16T15:16:18","guid":{"rendered":"https:\/\/larskaeker.de\/?page_id=666"},"modified":"2024-07-04T18:36:43","modified_gmt":"2024-07-04T18:36:43","slug":"draussen-teil-ii","status":"publish","type":"page","link":"https:\/\/larskaeker.de\/?page_id=666","title":{"rendered":"drau\u00dfen &#8211; Teil II"},"content":{"rendered":"\t\t<div data-elementor-type=\"wp-post\" data-elementor-id=\"666\" class=\"elementor elementor-666\">\n\t\t\t\t\t\t<section class=\"elementor-section elementor-top-section elementor-element elementor-element-60a1226 elementor-section-boxed elementor-section-height-default elementor-section-height-default\" data-id=\"60a1226\" data-element_type=\"section\" data-e-type=\"section\">\n\t\t\t\t\t\t<div class=\"elementor-container elementor-column-gap-default\">\n\t\t\t\t\t<div class=\"elementor-column elementor-col-100 elementor-top-column elementor-element elementor-element-53cc56f\" data-id=\"53cc56f\" data-element_type=\"column\" data-e-type=\"column\">\n\t\t\t<div class=\"elementor-widget-wrap elementor-element-populated\">\n\t\t\t\t\t\t<div class=\"elementor-element elementor-element-821fdb6 elementor-widget elementor-widget-heading\" data-id=\"821fdb6\" data-element_type=\"widget\" data-e-type=\"widget\" data-widget_type=\"heading.default\">\n\t\t\t\t<div class=\"elementor-widget-container\">\n\t\t\t\t\t<h2 class=\"elementor-heading-title elementor-size-default\">drau\u00dfen - Teil II<\/h2>\t\t\t\t<\/div>\n\t\t\t\t<\/div>\n\t\t\t\t<div class=\"elementor-element elementor-element-273823e elementor-widget-divider--view-line elementor-widget elementor-widget-divider\" data-id=\"273823e\" data-element_type=\"widget\" data-e-type=\"widget\" data-widget_type=\"divider.default\">\n\t\t\t\t<div class=\"elementor-widget-container\">\n\t\t\t\t\t\t\t<div class=\"elementor-divider\">\n\t\t\t<span class=\"elementor-divider-separator\">\n\t\t\t\t\t\t<\/span>\n\t\t<\/div>\n\t\t\t\t\t\t<\/div>\n\t\t\t\t<\/div>\n\t\t\t\t<div class=\"elementor-element elementor-element-46bd5bc elementor-pagination-position-outside elementor-widget elementor-widget-image-carousel\" data-id=\"46bd5bc\" data-element_type=\"widget\" data-e-type=\"widget\" data-settings=\"{&quot;slides_to_show&quot;:&quot;1&quot;,&quot;navigation&quot;:&quot;dots&quot;,&quot;autoplay&quot;:&quot;yes&quot;,&quot;pause_on_hover&quot;:&quot;yes&quot;,&quot;pause_on_interaction&quot;:&quot;yes&quot;,&quot;autoplay_speed&quot;:5000,&quot;infinite&quot;:&quot;yes&quot;,&quot;effect&quot;:&quot;slide&quot;,&quot;speed&quot;:500}\" data-widget_type=\"image-carousel.default\">\n\t\t\t\t<div class=\"elementor-widget-container\">\n\t\t\t\t\t\t\t<div class=\"elementor-image-carousel-wrapper swiper\" role=\"region\" aria-roledescription=\"carousel\" aria-label=\"Bild Karussell\" dir=\"ltr\">\n\t\t\t<div class=\"elementor-image-carousel swiper-wrapper\" aria-live=\"off\">\n\t\t\t\t\t\t\t\t<div class=\"swiper-slide\" role=\"group\" aria-roledescription=\"slide\" aria-label=\"1 von 1\"><a data-elementor-open-lightbox=\"yes\" data-elementor-lightbox-slideshow=\"46bd5bc\" data-elementor-lightbox-title=\"draussen_teil_2_by_lars_kaeker\" data-e-action-hash=\"#elementor-action%3Aaction%3Dlightbox%26settings%3DeyJpZCI6NjY4LCJ1cmwiOiJodHRwczpcL1wvbGFyc2thZWtlci5kZVwvd3AtY29udGVudFwvdXBsb2Fkc1wvMjAyMFwvMDZcL2RyYXVzc2VuX3RlaWxfMl9ieV9sYXJzX2thZWtlci0xLmpwZyIsInNsaWRlc2hvdyI6IjQ2YmQ1YmMifQ%3D%3D\" href=\"https:\/\/larskaeker.de\/wp-content\/uploads\/2020\/06\/draussen_teil_2_by_lars_kaeker-1.jpg\"><figure class=\"swiper-slide-inner\"><img decoding=\"async\" class=\"swiper-slide-image\" src=\"https:\/\/larskaeker.de\/wp-content\/uploads\/2020\/06\/draussen_teil_2_by_lars_kaeker-1.jpg\" alt=\"Neue Gem\u00e4lde der Serie &quot;drau\u00dfen - Teil II&quot;\" \/><\/figure><\/a><\/div>\t\t\t<\/div>\n\t\t\t\t\t<\/div>\n\t\t\t\t\t\t<\/div>\n\t\t\t\t<\/div>\n\t\t\t\t\t<\/div>\n\t\t<\/div>\n\t\t\t\t\t<\/div>\n\t\t<\/section>\n\t\t\t\t<section class=\"elementor-section elementor-top-section elementor-element elementor-element-967dfb4 elementor-section-boxed elementor-section-height-default elementor-section-height-default\" data-id=\"967dfb4\" data-element_type=\"section\" data-e-type=\"section\">\n\t\t\t\t\t\t<div class=\"elementor-container elementor-column-gap-default\">\n\t\t\t\t\t<div class=\"elementor-column elementor-col-100 elementor-top-column elementor-element elementor-element-7ca53bc\" data-id=\"7ca53bc\" data-element_type=\"column\" data-e-type=\"column\">\n\t\t\t<div class=\"elementor-widget-wrap elementor-element-populated\">\n\t\t\t\t\t\t<div class=\"elementor-element elementor-element-11e15fe elementor-widget elementor-widget-text-editor\" data-id=\"11e15fe\" data-element_type=\"widget\" data-e-type=\"widget\" data-widget_type=\"text-editor.default\">\n\t\t\t\t<div class=\"elementor-widget-container\">\n\t\t\t\t\t\t\t\t\t<p>Serie \u201edrau\u00dfen &#8211; Teil II\u201c<br \/>bisher 4 Gem\u00e4lde (in Arbeit)<br \/>jeweils 100 cm \u00d7 100 cm | \u00d6l auf Leinwand | seit 2019<br \/><br \/>Als Lars K\u00e4ker 2017 durch einen Freund auf die Sozialeinrichtung Subway e.V. in Hamburg aufmerksam wurde, fasste er den Entschluss, nach rund 20 Jahren das Thema \u201edrau\u00dfen\u201c erneut aufzugreifen. In der Einrichtung geht es einerseits darum, Menschen, die teilweise auf der Stra\u00dfe gelebt haben, einen Wiedereinstieg in die Gesellschaft zu erm\u00f6glichen, andererseits liegt der Schwerpunkt der Einrichtung auf der Betreuung Suchtkranker. Auch in diesem Fall l\u00f6st Lars K\u00e4ker seine Modelle aus ihrer jeweiligen Situation heraus und platziert sie vor bunt bespru\u0308hten H\u00e4userw\u00e4nden. So erscheinen uns die Dargestellten vor allem als Menschen des urbanen Raums. Anl\u00e4sslich einer Einzelausstellung im Maternushaus K\u00f6ln hat K\u00e4ker 2019 mit der Umsetzung seines Fotomaterials in \u00d6lgem\u00e4lde begonnen.<\/p>\t\t\t\t\t\t\t\t<\/div>\n\t\t\t\t<\/div>\n\t\t\t\t\t<\/div>\n\t\t<\/div>\n\t\t\t\t\t<\/div>\n\t\t<\/section>\n\t\t\t\t<\/div>\n\t\t","protected":false},"excerpt":{"rendered":"<p>drau\u00dfen &#8211; Teil II Serie \u201edrau\u00dfen &#8211; Teil II\u201cbisher 4 Gem\u00e4lde (in Arbeit)jeweils 100 cm \u00d7 100 cm | \u00d6l auf Leinwand | seit 2019 Als Lars K\u00e4ker 2017 durch einen Freund auf die Sozialeinrichtung Subway e.V. in Hamburg aufmerksam wurde, fasste er den Entschluss, nach rund 20 Jahren das Thema \u201edrau\u00dfen\u201c erneut aufzugreifen. In [&hellip;]<\/p>\n","protected":false},"author":1,"featured_media":0,"parent":0,"menu_order":0,"comment_status":"closed","ping_status":"closed","template":"page-templates\/pagebuilder.php","meta":{"zakra_page_container_layout":"stretched","zakra_page_sidebar_layout":"no_sidebar","zakra_remove_content_margin":false,"zakra_sidebar":"customizer","zakra_transparent_header":"0","zakra_logo":0,"zakra_main_header_style":"default","zakra_menu_item_color":"","zakra_menu_item_hover_color":"","zakra_menu_item_active_color":"","zakra_menu_active_style":"","zakra_page_header":true,"footnotes":""},"class_list":["post-666","page","type-page","status-publish","hentry"],"_links":{"self":[{"href":"https:\/\/larskaeker.de\/index.php?rest_route=\/wp\/v2\/pages\/666","targetHints":{"allow":["GET"]}}],"collection":[{"href":"https:\/\/larskaeker.de\/index.php?rest_route=\/wp\/v2\/pages"}],"about":[{"href":"https:\/\/larskaeker.de\/index.php?rest_route=\/wp\/v2\/types\/page"}],"author":[{"embeddable":true,"href":"https:\/\/larskaeker.de\/index.php?rest_route=\/wp\/v2\/users\/1"}],"replies":[{"embeddable":true,"href":"https:\/\/larskaeker.de\/index.php?rest_route=%2Fwp%2Fv2%2Fcomments&post=666"}],"version-history":[{"count":6,"href":"https:\/\/larskaeker.de\/index.php?rest_route=\/wp\/v2\/pages\/666\/revisions"}],"predecessor-version":[{"id":744,"href":"https:\/\/larskaeker.de\/index.php?rest_route=\/wp\/v2\/pages\/666\/revisions\/744"}],"wp:attachment":[{"href":"https:\/\/larskaeker.de\/index.php?rest_route=%2Fwp%2Fv2%2Fmedia&parent=666"}],"curies":[{"name":"wp","href":"https:\/\/api.w.org\/{rel}","templated":true}]}}