{"id":715,"date":"2020-12-17T16:18:17","date_gmt":"2020-12-17T16:18:17","guid":{"rendered":"https:\/\/larskaeker.de\/?page_id=715"},"modified":"2024-07-04T19:46:45","modified_gmt":"2024-07-04T19:46:45","slug":"kataloge","status":"publish","type":"page","link":"https:\/\/larskaeker.de\/?page_id=715","title":{"rendered":"Kataloge"},"content":{"rendered":"\t\t<div data-elementor-type=\"wp-page\" data-elementor-id=\"715\" class=\"elementor elementor-715\">\n\t\t\t\t\t\t<section class=\"elementor-section elementor-top-section elementor-element elementor-element-6b01d0c4 elementor-section-boxed elementor-section-height-default elementor-section-height-default\" data-id=\"6b01d0c4\" data-element_type=\"section\" data-e-type=\"section\">\n\t\t\t\t\t\t<div class=\"elementor-container elementor-column-gap-default\">\n\t\t\t\t\t<div class=\"elementor-column elementor-col-100 elementor-top-column elementor-element elementor-element-1108bbcb\" data-id=\"1108bbcb\" data-element_type=\"column\" data-e-type=\"column\">\n\t\t\t<div class=\"elementor-widget-wrap elementor-element-populated\">\n\t\t\t\t\t\t<div class=\"elementor-element elementor-element-5b55fe7c elementor-widget__width-initial elementor-widget elementor-widget-text-editor\" data-id=\"5b55fe7c\" data-element_type=\"widget\" data-e-type=\"widget\" data-widget_type=\"text-editor.default\">\n\t\t\t\t<div class=\"elementor-widget-container\">\n\t\t\t\t\t\t\t\t\t<p><\/p>\n<p><\/p>\n<h1 class=\"wp-block-heading\">&nbsp;<img fetchpriority=\"high\" decoding=\"async\" src=\"https:\/\/larskaeker.de\/wp-content\/uploads\/2024\/07\/9623369700001A-300x300.jpg\" alt=\"Titelbild zum Katalog &quot;Menschenbilder aus drei Jahrzehnten&quot;\" width=\"300\" height=\"300\"><\/h1>\n<h1>Lars K\u00e4ker &#8211; Menschenbilder aus drei Jahrzehnten<\/h1>\n<p><\/p>\n<p><\/p>\n<p>Das gemalte Portrait war \u00fcber<br>Jahrhunderte hinweg ein Privileg der M\u00e4chtigen und Reichen. Es war ein Statussymbol und stand f\u00fcr Rang, Macht und Reichtum. Der Portaitierte bestimmte mit seinem Bild, mit welchem Ausdruck und sichtbaren Z\u00fcgen er von der Nachwelt gesehen werden wollte.<\/p>\n<p>Die von Lars K\u00e4ker gemalten Menschen kommen aus der anderen Sph\u00e4re, der der normalen erwerbst\u00e4tigen Bev\u00f6lkerung, aus sozialen Randgruppen, aus der Masse von Menschen, die keine Macht haben und nicht reich sind. Beim Bild von Menschen, deren Leben nur f\u00fcr sie selbst und ihr Umfeld von Bedeutung ist, gelingt Lars K\u00e4ker der ehrliche, unverstellte Blick in die Seele. In K\u00e4kers Portraits der Jederm\u00e4nner und -frauen werden komplexe Pers\u00f6nlichkeiten und die Spuren wirklich gelebten Lebens f\u00fcr den Betrachter sichtbar. In Gesichtern, die so besonders sind, wie es das eigene ist.<\/p>\n<p><\/p>\n<p><\/p>\n<p><em>Solivagus Praeteritum<\/em><\/p>\n<p><\/p>\n<div>\n<p>1. Auflage, 83 Seiten, Softcover. Format: 225 mm x 225 mm.<br>Mit \u00fcber 150 Bildern des K\u00fcnstlers, farbig. Erscheinungsdatum: 21.12.2022<\/p>\n<\/div>\n<div>Sprache: Deutsch<\/div>\n<div>ISBN: 978-3-947064-18-2<\/div>\n<div>24,95 \u20ac<\/div>\n<p><\/p>\n<p><\/p>\n<p><a href=\"https:\/\/www.solivagus.de\/publication\/lars-kaeker-menschenbilder-aus-drei-jahrzehnten\/\" target=\"_blank\" rel=\"noreferrer noopener\">Zum Verlag<\/a><\/p>\n<p><\/p>\n<p><\/p>\t\t\t\t\t\t\t\t<\/div>\n\t\t\t\t<\/div>\n\t\t\t\t<div class=\"elementor-element elementor-element-2063565 elementor-widget elementor-widget-text-editor\" data-id=\"2063565\" data-element_type=\"widget\" data-e-type=\"widget\" data-widget_type=\"text-editor.default\">\n\t\t\t\t<div class=\"elementor-widget-container\">\n\t\t\t\t\t\t\t\t\t\n<p><br><\/p>\n\n\n\n<figure class=\"wp-block-image size-medium\"><img decoding=\"async\" width=\"300\" height=\"300\" src=\"https:\/\/larskaeker.de\/wp-content\/uploads\/2020\/06\/buch_grenzgaenger-300x300.jpg\" alt=\"Katalogtitelbild &quot;Lars K\u00e4ker - ein Grenzg\u00e4nder des Portr\u00e4ts&quot;\" class=\"wp-image-596\" srcset=\"https:\/\/larskaeker.de\/wp-content\/uploads\/2020\/06\/buch_grenzgaenger-300x300.jpg 300w, https:\/\/larskaeker.de\/wp-content\/uploads\/2020\/06\/buch_grenzgaenger-150x150.jpg 150w, https:\/\/larskaeker.de\/wp-content\/uploads\/2020\/06\/buch_grenzgaenger-768x768.jpg 768w, https:\/\/larskaeker.de\/wp-content\/uploads\/2020\/06\/buch_grenzgaenger.jpg 1020w\" sizes=\"(max-width: 300px) 100vw, 300px\" \/><\/figure>\n\n\n\n<h1 class=\"wp-block-heading\">Lars K\u00e4ker<\/h1>\n\n\n\n<p>Ein Grenzg\u00e4nger des Portr\u00e4ts<\/p>\n\n\n\n<p>Die zweiteilige Ausstellung <em>Lars K\u00e4ker \u2013 Ein Grenzg\u00e4nger des Portr\u00e4ts<\/em> auf der Insel Fehmarn zeigt fotorealistische Portr\u00e4ts des K\u00f6lner Malers, der auf der Insel geboren wurde. Er malt in \u00d6l, gegenst\u00e4ndlich konkret und bildet nicht nur Menschen ab, sondern treibt immer auch ein Spiel mit der inneren und \u00e4u\u00dferen Wahrnehmung. Gerne beleuchtet er von der Gesellschaft ausgegrenzte Menschen und trifft so zum einen kritische und zum anderen ironisch-groteske Aussagen \u00fcber unsere derzeitige Gesellschaft.<\/p>\n\n\n\n<p>Gezeigt werden Werke aus den Serien \u201eM\u00fcllwerk\u201c, \u201eBlogger\u201c, \u201eDas Graue Quadrat\u201c, \u201eDrau\u00dfen 2.0\u201c und \u201eBoxer\u201c sowie als Work in Progress eine Auseinandersetzung mit dem Werk \u201eIns Meer Schreitende\u201c von Ernst Ludwig Kirchner.<\/p>\n\n\n\n<p><em>Solivagus Praeteritum<\/em><\/p>\n\n\n\n<p>48 Seiten, Softcover, 36 Farbabbildungen, Erschienen am 6. Juli 2018,<br>Format: 22,5 x 22,5 cm<br>Sprache: Deutsch<br>ISBN: 978-3-947064-03-8<br>12,00 \u20ac<\/p>\n\n\n\n<p><a rel=\"noreferrer noopener\" href=\"https:\/\/www.solivagus.de\/publication\/lars-kaeker\/\" target=\"_blank\">Zum Verlag<\/a><br><\/p>\n\n\n\n<p><br><\/p>\n\n\n\n<figure class=\"wp-block-image size-medium\"><img decoding=\"async\" width=\"300\" height=\"300\" src=\"https:\/\/larskaeker.de\/wp-content\/uploads\/2020\/06\/buch_draussen-300x300.jpg\" alt=\"Katalogtitelbild &quot;Drau\u00dfen&quot;\" class=\"wp-image-597\" srcset=\"https:\/\/larskaeker.de\/wp-content\/uploads\/2020\/06\/buch_draussen-300x300.jpg 300w, https:\/\/larskaeker.de\/wp-content\/uploads\/2020\/06\/buch_draussen-150x150.jpg 150w, https:\/\/larskaeker.de\/wp-content\/uploads\/2020\/06\/buch_draussen.jpg 599w\" sizes=\"(max-width: 300px) 100vw, 300px\" \/><\/figure>\n\n\n\n<h1 class=\"wp-block-heading\">Lars K\u00e4ker: Drau\u00dfen<\/h1>\n\n\n\n<p>Randbezirke des Portr\u00e4ts<\/p>\n\n\n\n<p>Die Ausstellung Drau\u00dfen \u2013 Randbezirke des Portr\u00e4ts pr\u00e4sentiert das neueste Kapitel des k\u00fcnstlerischen Schaffens Lars K\u00e4kers.<br>Sein Interesse kehrt immer wieder zu Menschen zur\u00fcck, die sich im sozialen Abseits, in Au\u00dfenbereichen der Gesellschaft befinden. Ankn\u00fcpfend an die Serien \u201eDrau\u00dfen\u201c und \u201eDrau\u00dfen II\u201c zeigen die Portr\u00e4ts Pers\u00f6nlichkeit und Anonymit\u00e4t, Offenheit und Grenzziehung zugleich. K\u00e4kers Stil thematisiert sich selbst durch Ausz\u00fcge aus fr\u00fcheren Ausstellungen als Ergebnis eines Prozesses. Dieser erf\u00e4hrt ma\u00dfgebliche Momente der Entwicklung in den Serien \u201eDas Dorf\u201c und \u201eDrau\u00dfen \u201c.<br>Deren starke Serialit\u00e4t legt den Vergleich untereinander nahe und formiert optisch eine Gruppe, die bei n\u00e4herem Hinsehen in Individuen und Pers\u00f6nlichkeiten zerf\u00e4llt. Zwischen den neuesten Werken und deren thematischen wie optischen Vorl\u00e4ufern zieht Lars K\u00e4ker hier Bilanz aus seinem bisherigen k\u00fcnstlerischen Werk.<\/p>\n\n\n\n<p><em>Solivagus Praeteritum<\/em><\/p>\n\n\n\n<p>Broschur, 72 Seiten, 42 Farbabbildungen.<br>Sprache: Deutsch<br>ISBN: 978-3-947064-08-3<br>18,00 \u20ac<\/p>\n\n\n\n<p><a rel=\"noreferrer noopener\" href=\"https:\/\/www.solivagus.de\/publication\/draussen\/\" target=\"_blank\">Zum Verlag<\/a><\/p>\n\n\n\n<p><br><\/p>\n\t\t\t\t\t\t\t\t<\/div>\n\t\t\t\t<\/div>\n\t\t\t\t\t<\/div>\n\t\t<\/div>\n\t\t\t\t\t<\/div>\n\t\t<\/section>\n\t\t\t\t<\/div>\n\t\t","protected":false},"excerpt":{"rendered":"<p>&nbsp; Lars K\u00e4ker &#8211; Menschenbilder aus drei Jahrzehnten Das gemalte Portrait war \u00fcberJahrhunderte hinweg ein Privileg der M\u00e4chtigen und Reichen. Es war ein Statussymbol und stand f\u00fcr Rang, Macht und Reichtum. Der Portaitierte bestimmte mit seinem Bild, mit welchem Ausdruck und sichtbaren Z\u00fcgen er von der Nachwelt gesehen werden wollte. Die von Lars K\u00e4ker gemalten [&hellip;]<\/p>\n","protected":false},"author":1,"featured_media":0,"parent":0,"menu_order":0,"comment_status":"closed","ping_status":"closed","template":"elementor_header_footer","meta":{"zakra_page_container_layout":"customizer","zakra_page_sidebar_layout":"customizer","zakra_remove_content_margin":false,"zakra_sidebar":"customizer","zakra_transparent_header":"customizer","zakra_logo":0,"zakra_main_header_style":"default","zakra_menu_item_color":"","zakra_menu_item_hover_color":"","zakra_menu_item_active_color":"","zakra_menu_active_style":"","zakra_page_header":true,"footnotes":""},"class_list":["post-715","page","type-page","status-publish","hentry"],"_links":{"self":[{"href":"https:\/\/larskaeker.de\/index.php?rest_route=\/wp\/v2\/pages\/715","targetHints":{"allow":["GET"]}}],"collection":[{"href":"https:\/\/larskaeker.de\/index.php?rest_route=\/wp\/v2\/pages"}],"about":[{"href":"https:\/\/larskaeker.de\/index.php?rest_route=\/wp\/v2\/types\/page"}],"author":[{"embeddable":true,"href":"https:\/\/larskaeker.de\/index.php?rest_route=\/wp\/v2\/users\/1"}],"replies":[{"embeddable":true,"href":"https:\/\/larskaeker.de\/index.php?rest_route=%2Fwp%2Fv2%2Fcomments&post=715"}],"version-history":[{"count":15,"href":"https:\/\/larskaeker.de\/index.php?rest_route=\/wp\/v2\/pages\/715\/revisions"}],"predecessor-version":[{"id":756,"href":"https:\/\/larskaeker.de\/index.php?rest_route=\/wp\/v2\/pages\/715\/revisions\/756"}],"wp:attachment":[{"href":"https:\/\/larskaeker.de\/index.php?rest_route=%2Fwp%2Fv2%2Fmedia&parent=715"}],"curies":[{"name":"wp","href":"https:\/\/api.w.org\/{rel}","templated":true}]}}